{"id":1088,"date":"2026-02-26T20:08:29","date_gmt":"2026-02-26T20:08:29","guid":{"rendered":"https:\/\/velorail45.fr\/?page_id=1088"},"modified":"2026-02-26T20:11:10","modified_gmt":"2026-02-26T20:11:10","slug":"https-velorail45-fr-index-php-resa_telephone","status":"publish","type":"page","link":"https:\/\/velorail45.fr\/index.php\/https-velorail45-fr-index-php-resa_telephone\/","title":{"rendered":"https:\/\/velorail45.fr\/index.php\/resa_telephone\/"},"content":{"rendered":"\n<div class=\"wp-block-cover alignfull\" style=\"min-height:550px;aspect-ratio:unset;\"><img loading=\"lazy\" decoding=\"async\" width=\"1536\" height=\"1024\" class=\"wp-block-cover__image-background wp-image-499 size-full\" alt=\"\" src=\"https:\/\/velorail45.fr\/wp-content\/uploads\/2026\/01\/banniere04_accueil.png\" data-object-fit=\"cover\" srcset=\"https:\/\/velorail45.fr\/wp-content\/uploads\/2026\/01\/banniere04_accueil.png 1536w, https:\/\/velorail45.fr\/wp-content\/uploads\/2026\/01\/banniere04_accueil-300x200.png 300w, https:\/\/velorail45.fr\/wp-content\/uploads\/2026\/01\/banniere04_accueil-1024x683.png 1024w, https:\/\/velorail45.fr\/wp-content\/uploads\/2026\/01\/banniere04_accueil-768x512.png 768w\" sizes=\"auto, (max-width: 1536px) 100vw, 1536px\" \/><span aria-hidden=\"true\" class=\"wp-block-cover__background has-black-background-color has-background-dim-20 has-background-dim\"><\/span><div class=\"wp-block-cover__inner-container is-layout-constrained wp-block-cover-is-layout-constrained\">\n<figure class=\"wp-block-image alignleft size-full is-resized\"><img loading=\"lazy\" decoding=\"async\" width=\"582\" height=\"494\" src=\"https:\/\/velorail45.fr\/wp-content\/uploads\/2026\/01\/logo_rond_sanslecercleduhaut_TR.png\" alt=\"\" class=\"wp-image-42\" style=\"aspect-ratio:1.1781591263650546;width:240px;height:auto\" srcset=\"https:\/\/velorail45.fr\/wp-content\/uploads\/2026\/01\/logo_rond_sanslecercleduhaut_TR.png 582w, https:\/\/velorail45.fr\/wp-content\/uploads\/2026\/01\/logo_rond_sanslecercleduhaut_TR-300x255.png 300w\" sizes=\"auto, (max-width: 582px) 100vw, 582px\" \/><\/figure>\n\n\n\n<h2 class=\"wp-block-heading alignfull has-text-align-center is-style-text-display has-text-color has-link-color has-xx-large-font-size wp-elements-f088dac88de06e16910470e530a1e3ee\" style=\"color:#ffffff;padding-top:0;padding-right:0;padding-bottom:0;padding-left:0\">Une Balade au Coeur de la For\u00eat<\/h2>\n\n\n\n<p class=\"has-text-align-center has-text-color\" style=\"color:#ffffff;margin-bottom:2rem;font-size:16px\">Une aventure \u00e0 vivre en Famille ou entre Amis<\/p>\n\n\n\n<p class=\"has-text-align-center has-text-color has-link-color has-x-large-font-size wp-elements-bbd366ae5badf6686c5cec52a745564f\" style=\"color:#faf9f9\"><strong>R\u00e9servez votre v\u00e9lorail d\u00e8s maintenant !<\/strong><\/p>\n<\/div><\/div>\n\n\n\n<section class=\"wp-block-group alignfull has-background is-layout-flow wp-block-group-is-layout-flow\" style=\"background-color:#dbf8db\">\n<div class=\"wp-block-columns is-layout-flex wp-container-core-columns-is-layout-28f84493 wp-block-columns-is-layout-flex\">\n<div class=\"wp-block-column is-layout-flow wp-block-column-is-layout-flow\" style=\"border-style:none;border-width:0px\">\n<p class=\"has-text-align-center has-alegreya-sc-font-family\">Le plaisir d&rsquo;avancer autrement<\/p>\n<\/div>\n\n\n\n<div class=\"wp-block-column is-layout-flow wp-block-column-is-layout-flow\" style=\"flex-basis:1px\">\n<p class=\"has-text-color has-link-color wp-elements-d921db071c9560d90e6dd3e89cd80a52\" style=\"color:#306730\">|<\/p>\n<\/div>\n\n\n\n<div class=\"wp-block-column is-layout-flow wp-block-column-is-layout-flow\">\n<p class=\"has-text-align-center has-alegreya-sc-font-family\">Une immersion dans la nature<\/p>\n<\/div>\n\n\n\n<div class=\"wp-block-column is-layout-flow wp-block-column-is-layout-flow\" style=\"flex-basis:1px\">\n<p class=\"has-text-color has-link-color wp-elements-d921db071c9560d90e6dd3e89cd80a52\" style=\"color:#306730\">|<\/p>\n<\/div>\n\n\n\n<div class=\"wp-block-column is-layout-flow wp-block-column-is-layout-flow\">\n<p class=\"has-text-align-center has-alegreya-sc-font-family\">Une Activit\u00e9 douce et b\u00e9n\u00e9fique<\/p>\n<\/div>\n<\/div>\n<\/section>\n\n\n\n<p><\/p>\n\n\n\n<div class=\"wp-block-group alignfull is-layout-constrained wp-container-core-group-is-layout-4383d167 wp-block-group-is-layout-constrained\">\n<p class=\"has-text-align-center\"><strong>Important :<\/strong> Un v\u00e9lorail dispose de 4 places. Si, par exemple, vous \u00eates 6, il faudra faire 2 r\u00e9servations (1 r\u00e9servation = 1 v\u00e9lorail).<br>1 Adulte minimum par v\u00e9lorail. <\/p>\n\n\n\n<div class=\"wp-block-group alignfull is-layout-constrained wp-container-core-group-is-layout-4383d167 wp-block-group-is-layout-constrained\">\n<h1 class=\"wp-block-heading has-text-align-center has-background\" style=\"background:linear-gradient(281deg,rgb(215,243,172) 38%,rgb(113,206,126) 100%)\">Les r\u00e9servations se font uniquement par t\u00e9l\u00e9phone<br>06.66.91.74.68<\/h1>\n<\/div>\n<\/div>\n\n\n\n<p><\/p>\n\n\n\n<section class=\"wp-block-group alignfull has-background is-layout-flow wp-block-group-is-layout-flow\" style=\"background-color:#dbf8db\">\n<div class=\"wp-block-columns is-layout-flex wp-container-core-columns-is-layout-28f84493 wp-block-columns-is-layout-flex\">\n<div class=\"wp-block-column is-layout-flow wp-block-column-is-layout-flow\" style=\"border-style:none;border-width:0px\">\n<p class=\"has-text-align-center has-alegreya-sc-font-family\">V\u00e9lorail de la For\u00eat<\/p>\n<\/div>\n\n\n\n<div class=\"wp-block-column is-layout-flow wp-block-column-is-layout-flow\" style=\"flex-basis:1px\">\n<p class=\"has-text-color has-link-color wp-elements-d921db071c9560d90e6dd3e89cd80a52\" style=\"color:#306730\">|<\/p>\n<\/div>\n\n\n\n<div class=\"wp-block-column is-layout-flow wp-block-column-is-layout-flow\">\n<p class=\"has-text-align-center has-alegreya-sc-font-family\">PN 137 &#8211; Route de la Bourdonni\u00e8re<br>Hameau de Nestin &#8211; 45450 Fay-aux-Loges<\/p>\n<\/div>\n\n\n\n<div class=\"wp-block-column is-layout-flow wp-block-column-is-layout-flow\" style=\"flex-basis:1px\">\n<p class=\"has-text-color has-link-color wp-elements-d921db071c9560d90e6dd3e89cd80a52\" style=\"color:#306730\">|<\/p>\n<\/div>\n\n\n\n<div class=\"wp-block-column is-layout-flow wp-block-column-is-layout-flow\">\n<p class=\"has-text-align-center has-alegreya-sc-font-family\">@France \/ Loiret | Tous droits r\u00e9serv\u00e9s<\/p>\n<\/div>\n<\/div>\n<\/section>\n\n\n\n<p><\/p>\n","protected":false},"excerpt":{"rendered":"<p>Le plaisir d&rsquo;avancer autrement | Une immersion dans la nature | Une Activit\u00e9 douce et&hellip;<\/p>\n","protected":false},"author":1,"featured_media":0,"parent":0,"menu_order":0,"comment_status":"closed","ping_status":"closed","template":"","meta":{"footnotes":""},"class_list":["post-1088","page","type-page","status-publish","hentry"],"_links":{"self":[{"href":"https:\/\/velorail45.fr\/index.php\/wp-json\/wp\/v2\/pages\/1088","targetHints":{"allow":["GET"]}}],"collection":[{"href":"https:\/\/velorail45.fr\/index.php\/wp-json\/wp\/v2\/pages"}],"about":[{"href":"https:\/\/velorail45.fr\/index.php\/wp-json\/wp\/v2\/types\/page"}],"author":[{"embeddable":true,"href":"https:\/\/velorail45.fr\/index.php\/wp-json\/wp\/v2\/users\/1"}],"replies":[{"embeddable":true,"href":"https:\/\/velorail45.fr\/index.php\/wp-json\/wp\/v2\/comments?post=1088"}],"version-history":[{"count":2,"href":"https:\/\/velorail45.fr\/index.php\/wp-json\/wp\/v2\/pages\/1088\/revisions"}],"predecessor-version":[{"id":1092,"href":"https:\/\/velorail45.fr\/index.php\/wp-json\/wp\/v2\/pages\/1088\/revisions\/1092"}],"wp:attachment":[{"href":"https:\/\/velorail45.fr\/index.php\/wp-json\/wp\/v2\/media?parent=1088"}],"curies":[{"name":"wp","href":"https:\/\/api.w.org\/{rel}","templated":true}]}}