{"id":111,"date":"2026-01-20T15:04:33","date_gmt":"2026-01-20T15:04:33","guid":{"rendered":"https:\/\/velorail45.fr\/?page_id=111"},"modified":"2026-02-26T19:44:39","modified_gmt":"2026-02-26T19:44:39","slug":"accueil","status":"publish","type":"page","link":"https:\/\/velorail45.fr\/","title":{"rendered":"accueil"},"content":{"rendered":"\n<div class=\"wp-block-cover alignfull\" style=\"min-height:437px;aspect-ratio:unset;\"><img loading=\"lazy\" decoding=\"async\" width=\"1536\" height=\"1024\" class=\"wp-block-cover__image-background wp-image-499 size-full\" alt=\"\" src=\"https:\/\/velorail45.fr\/wp-content\/uploads\/2026\/01\/banniere04_accueil.png\" data-object-fit=\"cover\" srcset=\"https:\/\/velorail45.fr\/wp-content\/uploads\/2026\/01\/banniere04_accueil.png 1536w, https:\/\/velorail45.fr\/wp-content\/uploads\/2026\/01\/banniere04_accueil-300x200.png 300w, https:\/\/velorail45.fr\/wp-content\/uploads\/2026\/01\/banniere04_accueil-1024x683.png 1024w, https:\/\/velorail45.fr\/wp-content\/uploads\/2026\/01\/banniere04_accueil-768x512.png 768w\" sizes=\"auto, (max-width: 1536px) 100vw, 1536px\" \/><span aria-hidden=\"true\" class=\"wp-block-cover__background has-black-background-color has-background-dim-20 has-background-dim\"><\/span><div class=\"wp-block-cover__inner-container is-layout-constrained wp-block-cover-is-layout-constrained\">\n<figure class=\"wp-block-image alignleft size-full is-resized\"><img loading=\"lazy\" decoding=\"async\" width=\"582\" height=\"494\" src=\"https:\/\/velorail45.fr\/wp-content\/uploads\/2026\/01\/logo_rond_sanslecercleduhaut_TR.png\" alt=\"\" class=\"wp-image-42\" style=\"aspect-ratio:1.1781591263650546;width:240px;height:auto\" srcset=\"https:\/\/velorail45.fr\/wp-content\/uploads\/2026\/01\/logo_rond_sanslecercleduhaut_TR.png 582w, https:\/\/velorail45.fr\/wp-content\/uploads\/2026\/01\/logo_rond_sanslecercleduhaut_TR-300x255.png 300w\" sizes=\"auto, (max-width: 582px) 100vw, 582px\" \/><\/figure>\n\n\n\n<h2 class=\"wp-block-heading alignfull has-text-align-center is-style-text-display has-text-color has-link-color has-xx-large-font-size wp-elements-f088dac88de06e16910470e530a1e3ee\" style=\"color:#ffffff;padding-top:0;padding-right:0;padding-bottom:0;padding-left:0\">Une Balade au Coeur de la For\u00eat<\/h2>\n\n\n\n<p class=\"has-text-align-center has-text-color\" style=\"color:#ffffff;margin-bottom:2rem;font-size:16px\">Une aventure \u00e0 vivre en Famille ou entre Amis<\/p>\n\n\n\n<p class=\"has-text-align-center has-text-color has-link-color has-x-large-font-size wp-elements-d4278dbf99dced666a9bdf0c65083546\" style=\"color:#faf9f9\"><strong>OUVERTURE DU SITE Juin \/ Juillet 2026 !<\/strong><\/p>\n<\/div><\/div>\n\n\n\n<section class=\"wp-block-group alignfull has-background is-layout-flow wp-block-group-is-layout-flow\" style=\"background-color:#dbf8db\">\n<div class=\"wp-block-columns is-layout-flex wp-container-core-columns-is-layout-28f84493 wp-block-columns-is-layout-flex\">\n<div class=\"wp-block-column is-layout-flow wp-block-column-is-layout-flow\" style=\"border-style:none;border-width:0px\">\n<p class=\"has-text-align-center has-alegreya-sc-font-family\">Le plaisir d&rsquo;avancer autrement<\/p>\n<\/div>\n\n\n\n<div class=\"wp-block-column is-layout-flow wp-block-column-is-layout-flow\" style=\"flex-basis:1px\">\n<p class=\"has-text-color has-link-color wp-elements-d921db071c9560d90e6dd3e89cd80a52\" style=\"color:#306730\">|<\/p>\n<\/div>\n\n\n\n<div class=\"wp-block-column is-layout-flow wp-block-column-is-layout-flow\">\n<p class=\"has-text-align-center has-alegreya-sc-font-family\">Une immersion dans la nature<\/p>\n<\/div>\n\n\n\n<div class=\"wp-block-column is-layout-flow wp-block-column-is-layout-flow\" style=\"flex-basis:1px\">\n<p class=\"has-text-color has-link-color wp-elements-d921db071c9560d90e6dd3e89cd80a52\" style=\"color:#306730\">|<\/p>\n<\/div>\n\n\n\n<div class=\"wp-block-column is-layout-flow wp-block-column-is-layout-flow\">\n<p class=\"has-text-align-center has-alegreya-sc-font-family\">Une Activit\u00e9 douce et b\u00e9n\u00e9fique<\/p>\n<\/div>\n<\/div>\n<\/section>\n\n\n\n<div class=\"wp-block-cover alignfull is-light has-custom-color-2-color has-text-color\" style=\"margin-top:0px;margin-bottom:0px;padding-top:52px;padding-right:20px;padding-bottom:52px;padding-left:20px\"><span aria-hidden=\"true\" class=\"wp-block-cover__background has-custom-color-1-background-color has-background-dim-0 has-background-dim\"><\/span><div class=\"wp-block-cover__inner-container is-layout-constrained wp-container-core-cover-is-layout-df99f63a wp-block-cover-is-layout-constrained\">\n<h2 class=\"wp-block-heading has-text-align-center has-text-color\" style=\"color:#536942;margin-top:0px;margin-right:0px;margin-bottom:16px;margin-left:0px;font-size:40px;font-style:normal;font-weight:400;line-height:1.2\">Une Activit\u00e9 pour les Grands et les Petits<\/h2>\n\n\n\n<hr class=\"wp-block-separator has-text-color has-alpha-channel-opacity has-background\" style=\"margin-top:0px;margin-bottom:50px;background-color:#ffd835;color:#ffd835\"\/>\n\n\n\n<div class=\"wp-block-columns is-layout-flex wp-container-core-columns-is-layout-13e94aa7 wp-block-columns-is-layout-flex\">\n<div class=\"wp-block-column is-layout-flow wp-container-core-column-is-layout-fe0e2ea3 wp-block-column-is-layout-flow\" style=\"box-shadow:var(--wp--preset--shadow--natural)\">\n<figure class=\"wp-block-image size-full\"><a href=\"https:\/\/velorail45.fr\/index.php\/decouvrir\/\"><img loading=\"lazy\" decoding=\"async\" width=\"1024\" height=\"1536\" src=\"https:\/\/velorail45.fr\/wp-content\/uploads\/2026\/01\/velorail03_decouverte-1.jpg\" alt=\"\" class=\"wp-image-930\" style=\"aspect-ratio:0.6666757248838283\" srcset=\"https:\/\/velorail45.fr\/wp-content\/uploads\/2026\/01\/velorail03_decouverte-1.jpg 1024w, https:\/\/velorail45.fr\/wp-content\/uploads\/2026\/01\/velorail03_decouverte-1-200x300.jpg 200w, https:\/\/velorail45.fr\/wp-content\/uploads\/2026\/01\/velorail03_decouverte-1-683x1024.jpg 683w, https:\/\/velorail45.fr\/wp-content\/uploads\/2026\/01\/velorail03_decouverte-1-768x1152.jpg 768w\" sizes=\"auto, (max-width: 1024px) 100vw, 1024px\" \/><\/a><\/figure>\n\n\n\n<div class=\"wp-block-group is-vertical is-content-justification-left is-layout-flex wp-container-core-group-is-layout-dd225191 wp-block-group-is-layout-flex\">\n<h4 class=\"wp-block-heading has-text-align-left has-text-color\" style=\"color:#536942;margin-top:1.75rem;font-size:22px;font-style:normal;font-weight:400\">D\u00e9couvrez le Site<\/h4>\n\n\n\n<p class=\"has-text-align-left has-text-color\" style=\"color:#768667;margin-bottom:0rem;font-size:16px\">Votre prochaine aventure commence ici !<br>Toutes les informations dont vous avez besoin.<\/p>\n<\/div>\n<\/div>\n\n\n\n<div class=\"wp-block-column is-layout-flow wp-container-core-column-is-layout-fe0e2ea3 wp-block-column-is-layout-flow\" style=\"box-shadow:var(--wp--preset--shadow--natural)\">\n<figure class=\"wp-block-image size-full\"><a href=\"https:\/\/velorail45.fr\/index.php\/horaires-et-tarifs\/\"><img loading=\"lazy\" decoding=\"async\" width=\"1024\" height=\"1536\" src=\"https:\/\/velorail45.fr\/wp-content\/uploads\/2026\/01\/velorail03_horairesetTarifs.jpg\" alt=\"\" class=\"wp-image-951\" style=\"aspect-ratio:0.6666757248838283\" srcset=\"https:\/\/velorail45.fr\/wp-content\/uploads\/2026\/01\/velorail03_horairesetTarifs.jpg 1024w, https:\/\/velorail45.fr\/wp-content\/uploads\/2026\/01\/velorail03_horairesetTarifs-200x300.jpg 200w, https:\/\/velorail45.fr\/wp-content\/uploads\/2026\/01\/velorail03_horairesetTarifs-683x1024.jpg 683w, https:\/\/velorail45.fr\/wp-content\/uploads\/2026\/01\/velorail03_horairesetTarifs-768x1152.jpg 768w\" sizes=\"auto, (max-width: 1024px) 100vw, 1024px\" \/><\/a><\/figure>\n\n\n\n<div class=\"wp-block-group is-vertical is-layout-flex wp-container-core-group-is-layout-fe9cc265 wp-block-group-is-layout-flex\">\n<h4 class=\"wp-block-heading has-text-color\" style=\"color:#536942;margin-top:1.75rem;font-size:22px;font-style:normal;font-weight:400\">Horaires et Tarifs<\/h4>\n\n\n\n<p class=\"has-text-color\" style=\"color:#768667;font-size:16px\">Retrouvez toutes les informations sur les horaires d&rsquo;ouvertures et les tarifs.<\/p>\n<\/div>\n<\/div>\n\n\n\n<div class=\"wp-block-column is-layout-flow wp-container-core-column-is-layout-da1d6529 wp-block-column-is-layout-flow\" style=\"box-shadow:var(--wp--preset--shadow--natural)\">\n<figure class=\"wp-block-image size-full\"><a href=\"https:\/\/velorail45.fr\/index.php\/venir\/\"><img loading=\"lazy\" decoding=\"async\" width=\"1024\" height=\"1536\" src=\"https:\/\/velorail45.fr\/wp-content\/uploads\/2026\/02\/velorail01_commentVenir.jpg\" alt=\"\" class=\"wp-image-1035\" style=\"aspect-ratio:0.6666757248838283\" srcset=\"https:\/\/velorail45.fr\/wp-content\/uploads\/2026\/02\/velorail01_commentVenir.jpg 1024w, https:\/\/velorail45.fr\/wp-content\/uploads\/2026\/02\/velorail01_commentVenir-200x300.jpg 200w, https:\/\/velorail45.fr\/wp-content\/uploads\/2026\/02\/velorail01_commentVenir-683x1024.jpg 683w, https:\/\/velorail45.fr\/wp-content\/uploads\/2026\/02\/velorail01_commentVenir-768x1152.jpg 768w\" sizes=\"auto, (max-width: 1024px) 100vw, 1024px\" \/><\/a><\/figure>\n\n\n\n<div class=\"wp-block-group is-vertical is-layout-flex wp-container-core-group-is-layout-fe9cc265 wp-block-group-is-layout-flex\">\n<h4 class=\"wp-block-heading has-text-color\" style=\"color:#536942;margin-top:1.75rem;font-size:22px;font-style:normal;font-weight:400\">Comment venir<\/h4>\n\n\n\n<p class=\"has-text-color\" style=\"color:#768667;font-size:16px\">Les diff\u00e9rentes possibilit\u00e9s pour nous rejoindre.<\/p>\n<\/div>\n<\/div>\n<\/div>\n<\/div><\/div>\n\n\n\n<div class=\"wp-block-group alignfull has-background is-layout-constrained wp-container-core-group-is-layout-6d8556d3 wp-block-group-is-layout-constrained\" style=\"background-color:#f5f8f5;margin-top:0px;margin-bottom:0px;padding-top:100px;padding-right:20px;padding-bottom:100px;padding-left:20px\">\n<div class=\"wp-block-columns alignwide is-layout-flex wp-container-core-columns-is-layout-8e3aed5f wp-block-columns-is-layout-flex\" style=\"border-style:none;border-width:0px;margin-top:0px;margin-bottom:0px;padding-top:0px;padding-right:30px;padding-bottom:0px;padding-left:30px\">\n<div class=\"wp-block-column is-vertically-aligned-center is-layout-flow wp-container-core-column-is-layout-abe5317a wp-block-column-is-layout-flow\" style=\"padding-top:0px;padding-right:0px;padding-bottom:40px;padding-left:0px\">\n<h6 class=\"wp-block-heading has-text-color\" style=\"color:#a4b09a;margin-bottom:12px;font-size:12px\">A Propos du velorail<\/h6>\n\n\n\n<h2 class=\"wp-block-heading has-text-color has-inter-font-family\" style=\"color:#536942;margin-top:0;margin-bottom:36px;font-size:40px;font-style:normal;font-weight:400\">LES NOUVEAUTES <\/h2>\n\n\n\n<p class=\"has-text-color\" style=\"color:#000000;margin-bottom:2.75rem;font-size:16px\">Et si vous red\u00e9couvriez le plaisir de bouger ?<br><br>Le v\u00e9lorail, c\u2019est une exp\u00e9rience unique qui allie <strong>nature, d\u00e9tente et convivialit\u00e9<\/strong>, le tout sur d\u2019anciennes voies ferr\u00e9es charg\u00e9es d\u2019histoire. \u00c0 bord de votre v\u00e9lorail, vous avancez \u00e0 votre rythme, port\u00e9 par le calme des paysages et le doux cliquetis des rails.<\/p>\n\n\n\n<p class=\"has-text-color\" style=\"color:#040404;margin-bottom:2.75rem;font-size:16px\">Accessible \u00e0 tous, et gr\u00e2ce \u00e0 son implantation en for\u00eat d&rsquo;Orl\u00e9ans, c&rsquo;est une d\u00e9connexion totale qui vous attend, id\u00e9al pour prendre l\u2019air sans pression. Pas besoin d\u2019\u00eatre un grand sportif : le p\u00e9dalage est fluide, agr\u00e9able, et chacun participe selon ses envies. C\u2019est l\u2019occasion parfaite de <strong>partager un moment en famille ou entre amis<\/strong>, loin des \u00e9crans et du stress du quotidien.<\/p>\n\n\n\n<p><strong>Ouverture au printemps 2026 !<\/strong><\/p>\n<\/div>\n\n\n\n<div class=\"wp-block-column is-layout-flow wp-block-column-is-layout-flow\" style=\"box-shadow:var(--wp--preset--shadow--natural);flex-basis:40%\">\n<figure class=\"wp-block-image size-full\"><img loading=\"lazy\" decoding=\"async\" width=\"1024\" height=\"1536\" src=\"https:\/\/velorail45.fr\/wp-content\/uploads\/2026\/01\/ouverture04.png\" alt=\"\" class=\"wp-image-168\" srcset=\"https:\/\/velorail45.fr\/wp-content\/uploads\/2026\/01\/ouverture04.png 1024w, https:\/\/velorail45.fr\/wp-content\/uploads\/2026\/01\/ouverture04-200x300.png 200w, https:\/\/velorail45.fr\/wp-content\/uploads\/2026\/01\/ouverture04-683x1024.png 683w, https:\/\/velorail45.fr\/wp-content\/uploads\/2026\/01\/ouverture04-768x1152.png 768w\" sizes=\"auto, (max-width: 1024px) 100vw, 1024px\" \/><\/figure>\n<\/div>\n<\/div>\n<\/div>\n\n\n\n<section class=\"wp-block-group alignfull has-background is-layout-flow wp-block-group-is-layout-flow\" style=\"background-color:#dbf8db\">\n<div class=\"wp-block-columns is-layout-flex wp-container-core-columns-is-layout-28f84493 wp-block-columns-is-layout-flex\">\n<div class=\"wp-block-column is-layout-flow wp-block-column-is-layout-flow\" style=\"border-style:none;border-width:0px\">\n<p class=\"has-text-align-center has-alegreya-sc-font-family\">V\u00e9lorail de la For\u00eat<\/p>\n<\/div>\n\n\n\n<div class=\"wp-block-column is-layout-flow wp-block-column-is-layout-flow\" style=\"flex-basis:1px\">\n<p class=\"has-text-color has-link-color wp-elements-d921db071c9560d90e6dd3e89cd80a52\" style=\"color:#306730\">|<\/p>\n<\/div>\n\n\n\n<div class=\"wp-block-column is-layout-flow wp-block-column-is-layout-flow\">\n<p class=\"has-text-align-center has-alegreya-sc-font-family\">PN 137 &#8211; Route de la Bourdonni\u00e8re<br>Hameau de Nestin &#8211; 45450 Fay-aux-Loges<\/p>\n<\/div>\n\n\n\n<div class=\"wp-block-column is-layout-flow wp-block-column-is-layout-flow\" style=\"flex-basis:1px\">\n<p class=\"has-text-color has-link-color wp-elements-d921db071c9560d90e6dd3e89cd80a52\" style=\"color:#306730\">|<\/p>\n<\/div>\n\n\n\n<div class=\"wp-block-column is-layout-flow wp-block-column-is-layout-flow\">\n<p class=\"has-text-align-center has-alegreya-sc-font-family\">@France \/ Loiret | Tous droits r\u00e9serv\u00e9s<\/p>\n<\/div>\n<\/div>\n<\/section>\n","protected":false},"excerpt":{"rendered":"<p>Le plaisir d&rsquo;avancer autrement | Une immersion dans la nature | Une Activit\u00e9 douce et&hellip;<\/p>\n","protected":false},"author":1,"featured_media":0,"parent":0,"menu_order":0,"comment_status":"closed","ping_status":"closed","template":"","meta":{"footnotes":""},"class_list":["post-111","page","type-page","status-publish","hentry"],"_links":{"self":[{"href":"https:\/\/velorail45.fr\/index.php\/wp-json\/wp\/v2\/pages\/111","targetHints":{"allow":["GET"]}}],"collection":[{"href":"https:\/\/velorail45.fr\/index.php\/wp-json\/wp\/v2\/pages"}],"about":[{"href":"https:\/\/velorail45.fr\/index.php\/wp-json\/wp\/v2\/types\/page"}],"author":[{"embeddable":true,"href":"https:\/\/velorail45.fr\/index.php\/wp-json\/wp\/v2\/users\/1"}],"replies":[{"embeddable":true,"href":"https:\/\/velorail45.fr\/index.php\/wp-json\/wp\/v2\/comments?post=111"}],"version-history":[{"count":80,"href":"https:\/\/velorail45.fr\/index.php\/wp-json\/wp\/v2\/pages\/111\/revisions"}],"predecessor-version":[{"id":1074,"href":"https:\/\/velorail45.fr\/index.php\/wp-json\/wp\/v2\/pages\/111\/revisions\/1074"}],"wp:attachment":[{"href":"https:\/\/velorail45.fr\/index.php\/wp-json\/wp\/v2\/media?parent=111"}],"curies":[{"name":"wp","href":"https:\/\/api.w.org\/{rel}","templated":true}]}}