{"id":437,"date":"2026-01-22T18:10:13","date_gmt":"2026-01-22T18:10:13","guid":{"rendered":"https:\/\/velorail45.fr\/?page_id=437"},"modified":"2026-02-26T19:33:03","modified_gmt":"2026-02-26T19:33:03","slug":"horaires-et-tarifs","status":"publish","type":"page","link":"https:\/\/velorail45.fr\/index.php\/horaires-et-tarifs\/","title":{"rendered":"Horaires et Tarifs"},"content":{"rendered":"\n<div class=\"wp-block-cover alignfull\" style=\"min-height:437px;aspect-ratio:unset;\"><img loading=\"lazy\" decoding=\"async\" width=\"1536\" height=\"1024\" class=\"wp-block-cover__image-background wp-image-499 size-full\" alt=\"\" src=\"https:\/\/velorail45.fr\/wp-content\/uploads\/2026\/01\/banniere04_accueil.png\" data-object-fit=\"cover\" srcset=\"https:\/\/velorail45.fr\/wp-content\/uploads\/2026\/01\/banniere04_accueil.png 1536w, https:\/\/velorail45.fr\/wp-content\/uploads\/2026\/01\/banniere04_accueil-300x200.png 300w, https:\/\/velorail45.fr\/wp-content\/uploads\/2026\/01\/banniere04_accueil-1024x683.png 1024w, https:\/\/velorail45.fr\/wp-content\/uploads\/2026\/01\/banniere04_accueil-768x512.png 768w\" sizes=\"auto, (max-width: 1536px) 100vw, 1536px\" \/><span aria-hidden=\"true\" class=\"wp-block-cover__background has-black-background-color has-background-dim-20 has-background-dim\"><\/span><div class=\"wp-block-cover__inner-container is-layout-constrained wp-block-cover-is-layout-constrained\">\n<figure class=\"wp-block-image alignleft size-full is-resized\"><img loading=\"lazy\" decoding=\"async\" width=\"582\" height=\"494\" src=\"https:\/\/velorail45.fr\/wp-content\/uploads\/2026\/01\/logo_rond_sanslecercleduhaut_TR.png\" alt=\"\" class=\"wp-image-42\" style=\"aspect-ratio:1.1781591263650546;width:240px;height:auto\" srcset=\"https:\/\/velorail45.fr\/wp-content\/uploads\/2026\/01\/logo_rond_sanslecercleduhaut_TR.png 582w, https:\/\/velorail45.fr\/wp-content\/uploads\/2026\/01\/logo_rond_sanslecercleduhaut_TR-300x255.png 300w\" sizes=\"auto, (max-width: 582px) 100vw, 582px\" \/><\/figure>\n\n\n\n<h2 class=\"wp-block-heading alignfull has-text-align-center is-style-text-display has-text-color has-link-color has-xx-large-font-size wp-elements-f088dac88de06e16910470e530a1e3ee\" style=\"color:#ffffff;padding-top:0;padding-right:0;padding-bottom:0;padding-left:0\">Une Balade au Coeur de la For\u00eat<\/h2>\n\n\n\n<p class=\"has-text-align-center has-text-color\" style=\"color:#ffffff;margin-bottom:2rem;font-size:16px\">Une aventure \u00e0 vivre en Famille ou entre Amis<\/p>\n\n\n\n<p style=\"margin-top:var(--wp--preset--spacing--80);margin-bottom:var(--wp--preset--spacing--80)\"><\/p>\n\n\n\n<p class=\"has-text-align-center has-text-color has-link-color has-x-large-font-size wp-elements-6b84b22a5a5ce735300bd0c15eab5bea\" style=\"color:#faf9f9\"><strong>Horaires et Tarifs<\/strong><\/p>\n<\/div><\/div>\n\n\n\n<p><\/p>\n\n\n\n<div class=\"wp-block-group alignfull has-background is-layout-constrained wp-container-core-group-is-layout-967e81c5 wp-block-group-is-layout-constrained\" style=\"background-color:#f8f6f4;margin-top:0;margin-bottom:0;padding-top:7.01rem;padding-right:1.01rem;padding-bottom:7.01rem;padding-left:1.01rem;line-height:1.2\">\n<div class=\"wp-block-columns is-layout-flex wp-container-core-columns-is-layout-28f84493 wp-block-columns-is-layout-flex\" style=\"line-height:1.2\">\n<div class=\"wp-block-column is-layout-flow wp-block-column-is-layout-flow\" style=\"line-height:1.2\">\n<figure class=\"wp-block-image aligncenter size-full is-resized\"><img loading=\"lazy\" decoding=\"async\" width=\"1024\" height=\"1268\" src=\"https:\/\/velorail45.fr\/wp-content\/uploads\/2026\/01\/horaires_tarifs03_velorail.jpg\" alt=\"\" class=\"wp-image-497\" style=\"aspect-ratio:0.8075764192139738;width:376px;height:auto\" srcset=\"https:\/\/velorail45.fr\/wp-content\/uploads\/2026\/01\/horaires_tarifs03_velorail.jpg 1024w, https:\/\/velorail45.fr\/wp-content\/uploads\/2026\/01\/horaires_tarifs03_velorail-242x300.jpg 242w, https:\/\/velorail45.fr\/wp-content\/uploads\/2026\/01\/horaires_tarifs03_velorail-827x1024.jpg 827w, https:\/\/velorail45.fr\/wp-content\/uploads\/2026\/01\/horaires_tarifs03_velorail-768x951.jpg 768w\" sizes=\"auto, (max-width: 1024px) 100vw, 1024px\" \/><\/figure>\n<\/div>\n\n\n\n<div class=\"wp-block-column is-layout-flow wp-block-column-is-layout-flow\" style=\"padding-left:2.01rem;line-height:1.2\">\n<div class=\"wp-block-group is-vertical is-content-justification-left is-nowrap is-layout-flex wp-container-core-group-is-layout-252cad7a wp-block-group-is-layout-flex\" style=\"min-height:100%;line-height:1.2\">\n<h2 class=\"wp-block-heading has-text-align-left has-text-color\" style=\"color:#3a3a3a;font-size:2.26rem;font-style:normal;font-weight:400\">Horaires<\/h2>\n\n\n\n<p class=\"has-text-color\" style=\"color:#3a3a3a;font-size:1.13rem;line-height:1.4\">Les d\u00e9parts des v\u00e9lorails s&rsquo;effectuent toutes les 2 heures.<br>&#8211; 10 h 00<br>&#8211; 12 h 00<br>&#8211; 14 h 00<br>&#8211; 16 h 00<br>&#8211; 18 h 00 (Ce cr\u00e9neau est disponible uniquement sur la p\u00e9riode \u00ab\u00a0Haute Saison\u00a0\u00bb).<br><br>La p\u00e9riode \u00ab\u00a0<strong>Haute Saison<\/strong>\u00a0\u00bb s&rsquo;\u00e9tend du 1er Juillet 2026 au 31 Ao\u00fbt 2026&Prime;<\/p>\n\n\n\n<h2 class=\"wp-block-heading has-text-color\" style=\"color:#3a3a3a;margin-top:2.01rem;font-size:1.77rem;font-style:normal;font-weight:400\">Informations<\/h2>\n\n\n\n<p class=\"has-text-color\" style=\"color:#3a3a3a;font-size:1.12rem;line-height:1.4\">Afin de garantir un d\u00e9part dans les meilleures conditions, nous vous remercions de bien vouloir vous pr\u00e9senter <strong>imp\u00e9rativement<\/strong> <strong>15 minutes avant l\u2019heure du d\u00e9part pr\u00e9vue<\/strong>.<br><br>Merci de respecter les horaires d&rsquo;arriv\u00e9es.<\/p>\n\n\n\n<p class=\"has-text-color\" style=\"color:#3a3a3a;font-size:1.12rem;line-height:1.4\"><br>Pr\u00e9venez en cas de probl\u00e8mes. S&rsquo;agissant de d\u00e9parts group\u00e9s, <strong>nous ne pouvons pas attendre les retardataires.<\/strong><br><\/p>\n<\/div>\n<\/div>\n<\/div>\n<\/div>\n\n\n\n<p><\/p>\n\n\n\n<div class=\"wp-block-group alignfull has-background is-layout-constrained wp-container-core-group-is-layout-967e81c5 wp-block-group-is-layout-constrained\" style=\"background-color:#f8f6f4;margin-top:0;margin-bottom:0;padding-top:7.01rem;padding-right:1.01rem;padding-bottom:7.01rem;padding-left:1.01rem\">\n<div class=\"wp-block-columns is-layout-flex wp-container-core-columns-is-layout-28f84493 wp-block-columns-is-layout-flex\">\n<div class=\"wp-block-column is-layout-flow wp-block-column-is-layout-flow\" style=\"padding-left:2.01rem\">\n<div class=\"wp-block-group is-vertical is-content-justification-left is-nowrap is-layout-flex wp-container-core-group-is-layout-252cad7a wp-block-group-is-layout-flex\" style=\"min-height:100%\">\n<h2 class=\"wp-block-heading has-text-align-left has-text-color\" style=\"color:#3a3a3a;font-size:2.26rem;font-style:normal;font-weight:400\">Tarifs<\/h2>\n\n\n\n<figure style=\"line-height:1.2\" class=\"wp-block-table has-system-font-font-family has-normal-font-size\"><table class=\"has-background has-fixed-layout\" style=\"background-color:#f7e1a5\"><tbody><tr><td><\/td><td class=\"has-text-align-center\" data-align=\"center\"><strong>Prix par Pers.<\/strong><\/td><td class=\"has-text-align-center\" data-align=\"center\"><strong>Tarifs Groupe<br>(Mini 20 Pers.)<\/strong><\/td><\/tr><\/tbody><\/table><\/figure>\n\n\n\n<figure class=\"wp-block-table tarifs-velorail has-system-font-font-family has-normal-font-size\" style=\"font-style:normal;font-weight:400;line-height:1.2\"><table class=\"has-fixed-layout\"><tbody><tr><td><strong>Adultes<\/strong><\/td><td class=\"has-text-align-center\" data-align=\"center\">10,00 \u20ac<\/td><td class=\"has-text-align-center\" data-align=\"center\">Nous contacter<\/td><\/tr><tr><td><strong>Enfants<\/strong> (- 11 ans)<\/td><td class=\"has-text-align-center\" data-align=\"center\">6,00 \u20ac<\/td><td class=\"has-text-align-center\" data-align=\"center\">Nous contacter<\/td><\/tr><tr><td><strong>Enfants <\/strong>(- de 3 ans)<\/td><td class=\"has-text-align-center\" data-align=\"center\">Gratuit<\/td><td class=\"has-text-align-center\" data-align=\"center\">Gratuit<\/td><\/tr><\/tbody><\/table><\/figure>\n\n\n\n<h2 class=\"wp-block-heading has-text-color\" style=\"color:#3a3a3a;margin-top:2.01rem;font-size:1.77rem;font-style:normal;font-weight:400\">Moyens de Paiements<\/h2>\n\n\n\n<ul class=\"wp-block-list\">\n<li>Ch\u00e8que bancaire<\/li>\n\n\n\n<li>Ch\u00e8que ANCV<\/li>\n\n\n\n<li>Esp\u00e8ces<\/li>\n\n\n\n<li><s>Carte Bleue<\/s><\/li>\n<\/ul>\n\n\n\n<h2 class=\"wp-block-heading has-text-color\" style=\"color:#3a3a3a;margin-top:2.01rem;font-size:1.77rem;font-style:normal;font-weight:400\">Informations<\/h2>\n\n\n\n<p class=\"has-text-color\" style=\"color:#3a3a3a;font-size:1.13rem\">Un v\u00e9lorail dispose de 4 places. Si par exemple vous \u00eates 6, il faudra faire 2 r\u00e9servations (1 r\u00e9servation = 1 v\u00e9lorail).<br>La r\u00e9servation de votre v\u00e9lorail s&rsquo;effectue dans la section \u00ab\u00a0R\u00e9servations\u00a0\u00bb ou par t\u00e9l\u00e9phone.<\/p>\n<\/div>\n<\/div>\n\n\n\n<div class=\"wp-block-column is-layout-flow wp-block-column-is-layout-flow\">\n<figure class=\"wp-block-image aligncenter size-full is-resized\"><img loading=\"lazy\" decoding=\"async\" width=\"1024\" height=\"1376\" src=\"https:\/\/velorail45.fr\/wp-content\/uploads\/2026\/01\/horaires_tarifs07_chalet.jpg\" alt=\"\" class=\"wp-image-495\" style=\"width:396px;height:auto\" srcset=\"https:\/\/velorail45.fr\/wp-content\/uploads\/2026\/01\/horaires_tarifs07_chalet.jpg 1024w, https:\/\/velorail45.fr\/wp-content\/uploads\/2026\/01\/horaires_tarifs07_chalet-223x300.jpg 223w, https:\/\/velorail45.fr\/wp-content\/uploads\/2026\/01\/horaires_tarifs07_chalet-762x1024.jpg 762w, https:\/\/velorail45.fr\/wp-content\/uploads\/2026\/01\/horaires_tarifs07_chalet-768x1032.jpg 768w\" sizes=\"auto, (max-width: 1024px) 100vw, 1024px\" \/><\/figure>\n<\/div>\n<\/div>\n<\/div>\n\n\n\n<p><\/p>\n\n\n\n<section class=\"wp-block-group alignfull has-background is-layout-flow wp-block-group-is-layout-flow\" style=\"background-color:#dbf8db\">\n<div class=\"wp-block-columns is-layout-flex wp-container-core-columns-is-layout-28f84493 wp-block-columns-is-layout-flex\">\n<div class=\"wp-block-column is-layout-flow wp-block-column-is-layout-flow\" style=\"border-style:none;border-width:0px\">\n<p class=\"has-text-align-center has-alegreya-sc-font-family\">V\u00e9lorail de la For\u00eat<\/p>\n<\/div>\n\n\n\n<div class=\"wp-block-column is-layout-flow wp-block-column-is-layout-flow\" style=\"flex-basis:1px\">\n<p class=\"has-text-color has-link-color wp-elements-d921db071c9560d90e6dd3e89cd80a52\" style=\"color:#306730\">|<\/p>\n<\/div>\n\n\n\n<div class=\"wp-block-column is-layout-flow wp-block-column-is-layout-flow\">\n<p class=\"has-text-align-center has-alegreya-sc-font-family\">PN 137 &#8211; Route de la Bourdonni\u00e8re<br>Hameau de Nestin &#8211; 45450 Fay-aux-Loges<\/p>\n<\/div>\n\n\n\n<div class=\"wp-block-column is-layout-flow wp-block-column-is-layout-flow\" style=\"flex-basis:1px\">\n<p class=\"has-text-color has-link-color wp-elements-d921db071c9560d90e6dd3e89cd80a52\" style=\"color:#306730\">|<\/p>\n<\/div>\n\n\n\n<div class=\"wp-block-column is-layout-flow wp-block-column-is-layout-flow\">\n<p class=\"has-text-align-center has-alegreya-sc-font-family\">@France \/ Loiret | Tous droits r\u00e9serv\u00e9s<\/p>\n<\/div>\n<\/div>\n<\/section>\n","protected":false},"excerpt":{"rendered":"<p>Horaires Les d\u00e9parts des v\u00e9lorails s&rsquo;effectuent toutes les 2 heures.&#8211; 10 h 00&#8211; 12 h&hellip;<\/p>\n","protected":false},"author":1,"featured_media":0,"parent":0,"menu_order":0,"comment_status":"closed","ping_status":"closed","template":"","meta":{"footnotes":""},"class_list":["post-437","page","type-page","status-publish","hentry"],"_links":{"self":[{"href":"https:\/\/velorail45.fr\/index.php\/wp-json\/wp\/v2\/pages\/437","targetHints":{"allow":["GET"]}}],"collection":[{"href":"https:\/\/velorail45.fr\/index.php\/wp-json\/wp\/v2\/pages"}],"about":[{"href":"https:\/\/velorail45.fr\/index.php\/wp-json\/wp\/v2\/types\/page"}],"author":[{"embeddable":true,"href":"https:\/\/velorail45.fr\/index.php\/wp-json\/wp\/v2\/users\/1"}],"replies":[{"embeddable":true,"href":"https:\/\/velorail45.fr\/index.php\/wp-json\/wp\/v2\/comments?post=437"}],"version-history":[{"count":87,"href":"https:\/\/velorail45.fr\/index.php\/wp-json\/wp\/v2\/pages\/437\/revisions"}],"predecessor-version":[{"id":1070,"href":"https:\/\/velorail45.fr\/index.php\/wp-json\/wp\/v2\/pages\/437\/revisions\/1070"}],"wp:attachment":[{"href":"https:\/\/velorail45.fr\/index.php\/wp-json\/wp\/v2\/media?parent=437"}],"curies":[{"name":"wp","href":"https:\/\/api.w.org\/{rel}","templated":true}]}}