{"id":501,"date":"2026-01-23T14:03:01","date_gmt":"2026-01-23T14:03:01","guid":{"rendered":"https:\/\/velorail45.fr\/?page_id=501"},"modified":"2026-02-07T11:27:26","modified_gmt":"2026-02-07T11:27:26","slug":"decouvrir","status":"publish","type":"page","link":"https:\/\/velorail45.fr\/index.php\/decouvrir\/","title":{"rendered":"D\u00e9couvrir"},"content":{"rendered":"\n<div class=\"wp-block-cover alignfull\" style=\"min-height:437px;aspect-ratio:unset;\"><img loading=\"lazy\" decoding=\"async\" width=\"1536\" height=\"1024\" class=\"wp-block-cover__image-background wp-image-499 size-full\" alt=\"\" src=\"https:\/\/velorail45.fr\/wp-content\/uploads\/2026\/01\/banniere04_accueil.png\" data-object-fit=\"cover\" srcset=\"https:\/\/velorail45.fr\/wp-content\/uploads\/2026\/01\/banniere04_accueil.png 1536w, https:\/\/velorail45.fr\/wp-content\/uploads\/2026\/01\/banniere04_accueil-300x200.png 300w, https:\/\/velorail45.fr\/wp-content\/uploads\/2026\/01\/banniere04_accueil-1024x683.png 1024w, https:\/\/velorail45.fr\/wp-content\/uploads\/2026\/01\/banniere04_accueil-768x512.png 768w\" sizes=\"auto, (max-width: 1536px) 100vw, 1536px\" \/><span aria-hidden=\"true\" class=\"wp-block-cover__background has-black-background-color has-background-dim-20 has-background-dim\"><\/span><div class=\"wp-block-cover__inner-container is-layout-constrained wp-block-cover-is-layout-constrained\">\n<figure class=\"wp-block-image alignleft size-full is-resized\"><img loading=\"lazy\" decoding=\"async\" width=\"582\" height=\"494\" src=\"https:\/\/velorail45.fr\/wp-content\/uploads\/2026\/01\/logo_rond_sanslecercleduhaut_TR.png\" alt=\"\" class=\"wp-image-42\" style=\"aspect-ratio:1.1781591263650546;width:240px;height:auto\" srcset=\"https:\/\/velorail45.fr\/wp-content\/uploads\/2026\/01\/logo_rond_sanslecercleduhaut_TR.png 582w, https:\/\/velorail45.fr\/wp-content\/uploads\/2026\/01\/logo_rond_sanslecercleduhaut_TR-300x255.png 300w\" sizes=\"auto, (max-width: 582px) 100vw, 582px\" \/><\/figure>\n\n\n\n<h2 class=\"wp-block-heading alignfull has-text-align-center is-style-text-display has-text-color has-link-color has-xx-large-font-size wp-elements-f088dac88de06e16910470e530a1e3ee\" style=\"color:#ffffff;padding-top:0;padding-right:0;padding-bottom:0;padding-left:0\">Une Balade au Coeur de la For\u00eat<\/h2>\n\n\n\n<p class=\"has-text-align-center has-text-color\" style=\"color:#ffffff;margin-bottom:2rem;font-size:16px\">Une aventure \u00e0 vivre en Famille ou entre Amis<\/p>\n\n\n\n<p class=\"has-text-align-center has-text-color has-link-color has-x-large-font-size wp-elements-60f239fb3db7fee782b98e4ed1fb788f\" style=\"color:#faf9f9\"><strong>Informations sur le site du V\u00e9lorail<\/strong><\/p>\n<\/div><\/div>\n\n\n\n<p><\/p>\n\n\n\n<div class=\"wp-block-group alignfull has-background is-layout-constrained wp-container-core-group-is-layout-967e81c5 wp-block-group-is-layout-constrained\" style=\"background-color:#f8f6f4;margin-top:0;margin-bottom:0;padding-top:7.01rem;padding-right:1.01rem;padding-bottom:7.01rem;padding-left:1.01rem\">\n<div class=\"wp-block-columns is-layout-flex wp-container-core-columns-is-layout-28f84493 wp-block-columns-is-layout-flex\">\n<div class=\"wp-block-column is-layout-flow wp-block-column-is-layout-flow\">\n<figure class=\"wp-block-image aligncenter size-full is-resized\"><img loading=\"lazy\" decoding=\"async\" width=\"1024\" height=\"1536\" src=\"https:\/\/velorail45.fr\/wp-content\/uploads\/2026\/01\/velorail04_decouverte.png\" alt=\"\" class=\"wp-image-518\" style=\"aspect-ratio:0.8075764192139738;width:369px;height:auto\" srcset=\"https:\/\/velorail45.fr\/wp-content\/uploads\/2026\/01\/velorail04_decouverte.png 1024w, https:\/\/velorail45.fr\/wp-content\/uploads\/2026\/01\/velorail04_decouverte-200x300.png 200w, https:\/\/velorail45.fr\/wp-content\/uploads\/2026\/01\/velorail04_decouverte-683x1024.png 683w, https:\/\/velorail45.fr\/wp-content\/uploads\/2026\/01\/velorail04_decouverte-768x1152.png 768w\" sizes=\"auto, (max-width: 1024px) 100vw, 1024px\" \/><\/figure>\n<\/div>\n\n\n\n<div class=\"wp-block-column is-layout-flow wp-block-column-is-layout-flow\" style=\"padding-left:2.01rem\">\n<div class=\"wp-block-group is-vertical is-content-justification-left is-nowrap is-layout-flex wp-container-core-group-is-layout-252cad7a wp-block-group-is-layout-flex\" style=\"min-height:100%\">\n<h2 class=\"wp-block-heading has-text-align-left has-text-color\" style=\"color:#3a3a3a;font-size:2.26rem;font-style:normal;font-weight:400\">V\u00e9lorail de la For\u00eat<\/h2>\n\n\n\n<p class=\"has-text-color\" style=\"color:#3a3a3a;font-size:1.13rem\">Nous sommes situ\u00e9s \u00e0 Fay-aux-Loges dans le Loiret. Le parcours propos\u00e9 fait partie int\u00e9grante de la for\u00eat d&rsquo;Orl\u00e9ans.<br><br>Notre site s\u2019inscrit dans un environnement naturel, sur une ancienne voie ferr\u00e9e r\u00e9am\u00e9nag\u00e9e, offrant un cadre authentique et calme.<br><br>Le parcours traverse la for\u00eat sur une distance d&rsquo;environ 6 km permettant aux visiteurs de profiter pleinement du plein air dans une ambiance apaisante et s\u00e9curis\u00e9e.<br><br> Chaque visite devient une exp\u00e9rience collective offrant du plaisir, des moments partag\u00e9s et de la d\u00e9tente.<br><br><\/p>\n<\/div>\n<\/div>\n<\/div>\n<\/div>\n\n\n\n<p style=\"line-height:0.3\"><\/p>\n\n\n\n<div class=\"wp-block-group alignfull has-background is-layout-constrained wp-container-core-group-is-layout-967e81c5 wp-block-group-is-layout-constrained\" style=\"background-color:#f0f8d2;margin-top:0;margin-bottom:0;padding-top:7.01rem;padding-right:1.01rem;padding-bottom:7.01rem;padding-left:1.01rem\">\n<div class=\"wp-block-columns alignwide is-layout-flex wp-container-core-columns-is-layout-28f84493 wp-block-columns-is-layout-flex\">\n<div class=\"wp-block-column is-layout-flow wp-block-column-is-layout-flow\">\n<div class=\"wp-block-group is-nowrap is-layout-flex wp-container-core-group-is-layout-6c531013 wp-block-group-is-layout-flex\">\n<figure class=\"wp-block-image size-full is-resized\"><img loading=\"lazy\" decoding=\"async\" width=\"1536\" height=\"1024\" src=\"https:\/\/velorail45.fr\/wp-content\/uploads\/2026\/01\/picto02_parcours.gif\" alt=\"\" class=\"wp-image-756\" style=\"aspect-ratio:1;object-fit:cover;width:154px;height:auto\"\/><\/figure>\n\n\n\n<h2 class=\"wp-block-heading\">Le Parcours<\/h2>\n<\/div>\n\n\n\n<p class=\"has-text-color\" style=\"color:#3a3a3a;font-size:1.13rem\"><br>La balade dure environ 2h sur une distance d&rsquo;environ 12km aller-retour. <br><br>Les consignes de s\u00e9curit\u00e9 vous seront donn\u00e9es avant chaque d\u00e9part.<\/p>\n\n\n\n<p class=\"has-text-color\" style=\"color:#3a3a3a;font-size:1.13rem\">Chaque v\u00e9lorail par un par un \u00e0 50 m\u00e8tres d&rsquo;intervalles.<br> <br>Lorsque vous arriverez au terminus, les v\u00e9lorails seront retourn\u00e9s afin de pouvoir repartir vers le point de d\u00e9part. <br><br>On attend l&rsquo;arriv\u00e9e de tous les v\u00e9lorails pour pouvoir repartir. <br><br><\/p>\n<\/div>\n\n\n\n<div class=\"wp-block-column has-white-background-color has-background is-layout-flow wp-block-column-is-layout-flow\" style=\"flex-basis:3px\"><\/div>\n\n\n\n<div class=\"wp-block-column is-layout-flow wp-block-column-is-layout-flow\" style=\"padding-left:2.01rem\">\n<div class=\"wp-block-group is-vertical is-content-justification-left is-nowrap is-layout-flex wp-container-core-group-is-layout-60459777 wp-block-group-is-layout-flex\" style=\"min-height:100%\">\n<div class=\"wp-block-group is-nowrap is-layout-flex wp-container-core-group-is-layout-6c531013 wp-block-group-is-layout-flex\">\n<figure class=\"wp-block-image size-full is-resized\"><img loading=\"lazy\" decoding=\"async\" width=\"1024\" height=\"1024\" src=\"https:\/\/velorail45.fr\/wp-content\/uploads\/2026\/01\/bebes01.gif\" alt=\"\" class=\"wp-image-781\" style=\"aspect-ratio:1;object-fit:cover;width:154px;height:auto\"\/><\/figure>\n\n\n\n<h2 class=\"wp-block-heading\">Enfants en bas \u00e2ges<\/h2>\n<\/div>\n\n\n\n<p class=\"has-text-color\" style=\"color:#3a3a3a;font-size:1.13rem\">Pour des mesures de s\u00e9curit\u00e9s, l&rsquo;acc\u00e8s au site est autoris\u00e9 aux  enfants d&rsquo;au moins 18 mois. <br><\/p>\n\n\n\n<div class=\"wp-block-group is-nowrap is-layout-flex wp-container-core-group-is-layout-6c531013 wp-block-group-is-layout-flex\">\n<figure class=\"wp-block-image size-full is-resized\"><img loading=\"lazy\" decoding=\"async\" width=\"1024\" height=\"1024\" src=\"https:\/\/velorail45.fr\/wp-content\/uploads\/2026\/01\/planete01_respectenvironnement.gif\" alt=\"\" class=\"wp-image-788\" style=\"aspect-ratio:1;object-fit:cover;width:154px;height:auto\"\/><\/figure>\n\n\n\n<h2 class=\"wp-block-heading\">Respect de L&rsquo;environnement<\/h2>\n<\/div>\n\n\n\n<p class=\"has-text-color\" style=\"color:#3a3a3a;font-size:1.13rem\"><br>Ne jetez pas vos d\u00e9chets en dehors des poubelles pr\u00e9vues \u00e0 cet effet.<br>Fumer et Vapoter est strictement interdit sur l&rsquo;ensemble du site du v\u00e9lorail.<\/p>\n\n\n\n<p class=\"has-text-color\" style=\"color:#3a3a3a;font-size:1.13rem\">Respectez les airs de stationnement. Un parking est disponible \u00e0 proximit\u00e9 (Voitures, Bus, 2 roues etc&#8230;).<br><br>Le site ne dispose pas de \u00ab\u00a0Toilettes\u00a0\u00bb actuellement.<br><\/p>\n<\/div>\n<\/div>\n<\/div>\n<\/div>\n\n\n\n<p style=\"margin-top:var(--wp--preset--spacing--small);margin-bottom:var(--wp--preset--spacing--small);line-height:0\"><\/p>\n\n\n\n<div class=\"wp-block-group alignfull has-background is-layout-constrained wp-container-core-group-is-layout-967e81c5 wp-block-group-is-layout-constrained\" style=\"background-color:#f8f6f4;margin-top:0;margin-bottom:0;padding-top:7.01rem;padding-right:1.01rem;padding-bottom:7.01rem;padding-left:1.01rem\">\n<div class=\"wp-block-columns alignwide is-layout-flex wp-container-core-columns-is-layout-28f84493 wp-block-columns-is-layout-flex\">\n<div class=\"wp-block-column is-layout-flow wp-block-column-is-layout-flow\">\n<div class=\"wp-block-group is-nowrap is-layout-flex wp-container-core-group-is-layout-6c531013 wp-block-group-is-layout-flex\">\n<figure class=\"wp-block-image size-full is-resized\"><img loading=\"lazy\" decoding=\"async\" width=\"1536\" height=\"1024\" src=\"https:\/\/velorail45.fr\/wp-content\/uploads\/2026\/01\/picto_velorail01.gif\" alt=\"\" class=\"wp-image-759\" style=\"aspect-ratio:1;object-fit:cover;width:154px;height:auto\"\/><\/figure>\n\n\n\n<h2 class=\"wp-block-heading\">S\u00e9curit\u00e9<\/h2>\n<\/div>\n\n\n\n<p>&#8211; Taille requise pour p\u00e9daler sur le v\u00e9lorail : 1m40<br>&#8211; 1 adulte minimum par v\u00e9lorail<br><br>Comme pour la conduite automobile, gardez une distance de s\u00e9curit\u00e9 avec le v\u00e9lorail qui se trouve devant vous si vous le rattrapez.<br><br>Il est interdit de :<br>&#8211; Descendre du v\u00e9lorail pendant le parcours,<br>&#8211; Marcher sur la voie ferr\u00e9e<br>&#8211; Tamponner un autre v\u00e9lorail<br>&#8211; Descendre aux passages \u00e0 niveaux<\/p>\n<\/div>\n\n\n\n<div class=\"wp-block-column has-white-background-color has-background is-layout-flow wp-block-column-is-layout-flow\" style=\"flex-basis:3px\"><\/div>\n\n\n\n<div class=\"wp-block-column is-layout-flow wp-block-column-is-layout-flow\" style=\"padding-left:2.01rem\">\n<div class=\"wp-block-group is-nowrap is-layout-flex wp-container-core-group-is-layout-6c531013 wp-block-group-is-layout-flex\">\n<figure class=\"wp-block-image size-full is-resized\"><img loading=\"lazy\" decoding=\"async\" width=\"1536\" height=\"1024\" src=\"https:\/\/velorail45.fr\/wp-content\/uploads\/2026\/01\/picto_animaux02.gif\" alt=\"\" class=\"wp-image-754\" style=\"aspect-ratio:1;object-fit:cover;width:154px;height:auto\"\/><\/figure>\n\n\n\n<h2 class=\"wp-block-heading\">Les Animaux<\/h2>\n<\/div>\n\n\n\n<p>Les animaux ne sont pas autoris\u00e9s sur le site du v\u00e9lorail.<\/p>\n\n\n\n<div class=\"wp-block-group is-nowrap is-layout-flex wp-container-core-group-is-layout-6c531013 wp-block-group-is-layout-flex\">\n<figure class=\"wp-block-image size-full is-resized\"><img loading=\"lazy\" decoding=\"async\" width=\"1536\" height=\"1024\" src=\"https:\/\/velorail45.fr\/wp-content\/uploads\/2026\/01\/picto_picnic02_transparent.gif\" alt=\"\" class=\"wp-image-757\" style=\"aspect-ratio:1;object-fit:cover;width:154px;height:auto\"\/><\/figure>\n\n\n\n<h2 class=\"wp-block-heading\">Restauration<\/h2>\n<\/div>\n\n\n\n<p>Le site vend des boissons et des caf\u00e9s durant la saison d&rsquo;exploitation.<br><br>Sur la p\u00e9riode \u00ab\u00a0Haute Saison\u00a0\u00bb, vous pourrez disposer d&rsquo;un service de snacking.<br><br>Il est strictement interdit de jeter les emballages dans la for\u00eat et\/ou pendant le parcours.<\/p>\n<\/div>\n<\/div>\n<\/div>\n\n\n\n<p><\/p>\n\n\n\n<section class=\"wp-block-group alignfull has-background is-layout-flow wp-block-group-is-layout-flow\" style=\"background-color:#dbf8db\">\n<div class=\"wp-block-columns is-layout-flex wp-container-core-columns-is-layout-28f84493 wp-block-columns-is-layout-flex\">\n<div class=\"wp-block-column is-layout-flow wp-block-column-is-layout-flow\" style=\"border-style:none;border-width:0px\">\n<p class=\"has-text-align-center has-alegreya-sc-font-family\">V\u00e9lorail de la For\u00eat<\/p>\n<\/div>\n\n\n\n<div class=\"wp-block-column is-layout-flow wp-block-column-is-layout-flow\" style=\"flex-basis:1px\">\n<p class=\"has-text-color has-link-color wp-elements-d921db071c9560d90e6dd3e89cd80a52\" style=\"color:#306730\">|<\/p>\n<\/div>\n\n\n\n<div class=\"wp-block-column is-layout-flow wp-block-column-is-layout-flow\">\n<p class=\"has-text-align-center has-alegreya-sc-font-family\">PN 137 &#8211; Route de la Bourdonni\u00e8re<br>Hameau de Nestin &#8211; 45450 Fay-aux-Loges<\/p>\n<\/div>\n\n\n\n<div class=\"wp-block-column is-layout-flow wp-block-column-is-layout-flow\" style=\"flex-basis:1px\">\n<p class=\"has-text-color has-link-color wp-elements-d921db071c9560d90e6dd3e89cd80a52\" style=\"color:#306730\">|<\/p>\n<\/div>\n\n\n\n<div class=\"wp-block-column is-layout-flow wp-block-column-is-layout-flow\">\n<p class=\"has-text-align-center has-alegreya-sc-font-family\">@France \/ Loiret | Tous droits r\u00e9serv\u00e9s<\/p>\n<\/div>\n<\/div>\n<\/section>\n","protected":false},"excerpt":{"rendered":"<p>V\u00e9lorail de la For\u00eat Nous sommes situ\u00e9s \u00e0 Fay-aux-Loges dans le Loiret. Le parcours propos\u00e9&hellip;<\/p>\n","protected":false},"author":1,"featured_media":0,"parent":0,"menu_order":0,"comment_status":"closed","ping_status":"closed","template":"","meta":{"footnotes":""},"class_list":["post-501","page","type-page","status-publish","hentry"],"_links":{"self":[{"href":"https:\/\/velorail45.fr\/index.php\/wp-json\/wp\/v2\/pages\/501","targetHints":{"allow":["GET"]}}],"collection":[{"href":"https:\/\/velorail45.fr\/index.php\/wp-json\/wp\/v2\/pages"}],"about":[{"href":"https:\/\/velorail45.fr\/index.php\/wp-json\/wp\/v2\/types\/page"}],"author":[{"embeddable":true,"href":"https:\/\/velorail45.fr\/index.php\/wp-json\/wp\/v2\/users\/1"}],"replies":[{"embeddable":true,"href":"https:\/\/velorail45.fr\/index.php\/wp-json\/wp\/v2\/comments?post=501"}],"version-history":[{"count":135,"href":"https:\/\/velorail45.fr\/index.php\/wp-json\/wp\/v2\/pages\/501\/revisions"}],"predecessor-version":[{"id":1014,"href":"https:\/\/velorail45.fr\/index.php\/wp-json\/wp\/v2\/pages\/501\/revisions\/1014"}],"wp:attachment":[{"href":"https:\/\/velorail45.fr\/index.php\/wp-json\/wp\/v2\/media?parent=501"}],"curies":[{"name":"wp","href":"https:\/\/api.w.org\/{rel}","templated":true}]}}